{"id":12901,"date":"2015-07-18T08:24:27","date_gmt":"2015-07-18T12:24:27","guid":{"rendered":"http:\/\/pl.sti-gas.com\/inicio\/"},"modified":"2018-07-25T23:21:05","modified_gmt":"2018-07-26T03:21:05","slug":"inicio","status":"publish","type":"page","link":"https:\/\/sti-gas.com\/pl\/","title":{"rendered":"Strona g\u0142\u00f3wna"},"content":{"rendered":"<p><div class=\"fusion-fullwidth fullwidth-box fusion-builder-row-1 nonhundred-percent-fullwidth non-hundred-percent-height-scrolling\" style=\"--awb-background-position:left top;--awb-border-radius-top-left:0px;--awb-border-radius-top-right:0px;--awb-border-radius-bottom-right:0px;--awb-border-radius-bottom-left:0px;--awb-padding-top:20px;--awb-padding-right:0px;--awb-padding-bottom:20px;--awb-padding-left:0px;--awb-border-sizes-top:0px;--awb-border-sizes-bottom:0px;--awb-flex-wrap:wrap;\" ><div class=\"fusion-builder-row fusion-row\"><div class=\"fusion-layout-column fusion_builder_column fusion-builder-column-0 fusion_builder_column_1_1 1_1 fusion-one-full fusion-column-first fusion-column-last\" style=\"--awb-bg-size:cover;\"><div class=\"fusion-column-wrapper fusion-flex-column-wrapper-legacy\"><div class=\"fusion-text fusion-text-1\"><h1 style=\"text-align: center;\">Urz\u0105dzenia przemys\u0142u gazowego i systemy ogrzewania<\/h1>\n<\/div><div class=\"fusion-text fusion-text-2\"><h2 style=\"text-align: center;\">Witamy na www.sti-gas.com, strona firmowa <span class=\"fusion-popover popover-1\" data-animation=\"1\" data-class=\"popover-1\" data-container=\"popover-1\" data-delay=\"50\" data-placement=\"top\" data-title=\"STI Ltda\" data-toggle=\"popover\" data-trigger=\"hover\">Servicios T\u00e9cnicos e Importaciones<\/span>, zapraszamy do zapoznania si\u0119 z nasz\u0105 ofert\u0105:<\/h2>\n<\/div><div class=\"fusion-sep-clear\"><\/div><div class=\"fusion-separator fusion-has-icon fusion-full-width-sep\" style=\"margin-left: auto;margin-right: auto;margin-top:8px;margin-bottom:20px;width:100%;\"><div class=\"fusion-separator-border sep-single sep-solid\" style=\"--awb-height:20px;--awb-amount:20px;--awb-sep-color:#d16527;border-color:#d16527;border-top-width:1px;\"><\/div><span class=\"icon-wrapper\" style=\"border-color:#d16527;background-color:rgba(255,255,255,0);font-size:13px;width: 1.75em; height: 1.75em;border-width:1px;padding:1px;margin-top:-0.5px\"><i class=\" fa fa-angle-double-down\" style=\"font-size: inherit;color:#d16527;\" aria-hidden=\"true\"><\/i><\/span><div class=\"fusion-separator-border sep-single sep-solid\" style=\"--awb-height:20px;--awb-amount:20px;--awb-sep-color:#d16527;border-color:#d16527;border-top-width:1px;\"><\/div><\/div><div class=\"fusion-sep-clear\"><\/div><div class=\"fusion-flip-boxes flip-boxes row fusion-columns-4 flip-effect-classic\"><div class=\"fusion-flip-box-wrapper fusion-column col-lg-3 col-md-3 col-sm-3\"><div class=\"fusion-flip-box flip-right\" tabindex=\"0\"><div class=\"flip-box-inner-wrapper\"><div class=\"flip-box-front\" style=\"--awb-icon-color:#d16527;--awb-border-size:1px;--awb-border-radius:4px;\"><div class=\"flip-box-front-inner\"><div class=\"flip-box-grafix flip-box-image\"><img decoding=\"async\" src=\"http:\/\/sti-gas.com\/wp-content\/uploads\/2015\/07\/nuestra-compania-STI-Ltda.png\" width=\"100\" height=\"100\" alt=\"\" \/><\/div><h2 class=\"flip-box-heading\">o nas<\/h2>Servicios T\u00e9cnicos e Importaciones, STI Ltda jest boliwijsk\u0105 firm\u0105 z ponad dwudziestopi\u0119cioletnim do\u015bwiadczeniem w przemy\u015ble gazowniczym. Sprzedajemy urz\u0105dzenia gazowe i grzewcze na terenie naszego kraju, wykonujemy projekty oraz instalacje system\u00f3w grzewczych. Opr\u00f3cz tego bierzemy udzia\u0142 w przetargach krajowych na r\u00f3\u017cnego rodzaju urz\u0105dzenia..<\/div><\/div><div class=\"flip-box-back\" style=\"--awb-icon-color:#d16527;--awb-border-size:1px;--awb-border-radius:4px;\"><div class=\"flip-box-back-inner\">\n<p style=\"margin: 0in; font-family: Calibri; font-size: 11.0pt;\"><div class=\"fusion-button-wrapper fusion-aligncenter\"><a class=\"fusion-button button-flat button-xlarge button-custom fusion-button-default button-1 fusion-button-default-span \" style=\"--button_accent_color:#ffffff;--button_accent_hover_color:#000000;--button_border_hover_color:#000000;--button_border_width-top:1px;--button_border_width-right:1px;--button_border_width-bottom:1px;--button_border_width-left:1px;--button_gradient_top_color:#ff8330;--button_gradient_bottom_color:#ff8330;--button_gradient_top_color_hover:rgba(255,255,255,0);--button_gradient_bottom_color_hover:rgba(255,255,255,0);\" target=\"_self\" href=\"www.sti-gas.com\/nasza-firma\"><span class=\"fusion-button-text awb-button__text awb-button__text--default\">NASZA FIRMA<\/span><\/a><\/div>\n<\/div><\/div><\/div><\/div><\/div><div class=\"fusion-flip-box-wrapper fusion-column col-lg-3 col-md-3 col-sm-3\"><div class=\"fusion-flip-box flip-right\" tabindex=\"0\"><div class=\"flip-box-inner-wrapper\"><div class=\"flip-box-front\" style=\"--awb-border-size:1px;--awb-border-radius:4px;\"><div class=\"flip-box-front-inner\"><div class=\"flip-box-grafix flip-box-image\"><img decoding=\"async\" src=\"http:\/\/sti-gas.com\/wp-content\/uploads\/2015\/07\/STI-ltda-cooperation.png\" width=\"100\" height=\"100\" alt=\"\" \/><\/div><h2 class=\"flip-box-heading\">wsp\u00f3\u0142praca<\/h2>Nasza firma importuje i sprzedaje urz\u0105dzenia i aksesoria do gazu ziemnego i ogrzewania na terenie ca\u0142ej Boliwii. Sprzedajemy m.in. kot\u0142y, gazomierze, reduktory ci\u015bnienia, grzejniki, korektory obj\u0119to\u015bci oraz aparatur\u0119 pomiarow\u0105. Wsp\u00f3\u0142pracujemy z firmami z ca\u0142\u0119go \u015bwiata, w tym z polskimi jak Metrix, Common, Valvex czy Instal Projekt.<\/div><\/div><div class=\"flip-box-back\" style=\"--awb-border-size:1px;--awb-border-radius:4px;\"><div class=\"flip-box-back-inner\">\n<p style=\"margin: 0in; font-family: Calibri; font-size: 11.0pt;\"><span lang=\"pl\"><div class=\"fusion-button-wrapper fusion-aligncenter\"><a class=\"fusion-button button-flat button-xlarge button-custom fusion-button-default button-2 fusion-button-default-span \" style=\"--button_accent_color:#ffffff;--button_accent_hover_color:#000000;--button_border_hover_color:#000000;--button_border_width-top:1px;--button_border_width-right:1px;--button_border_width-bottom:1px;--button_border_width-left:1px;--button_gradient_top_color:#ff8330;--button_gradient_bottom_color:#ff8330;--button_gradient_top_color_hover:rgba(255,255,255,0);--button_gradient_bottom_color_hover:rgba(255,255,255,0);\" target=\"_self\" href=\"www.sti-gas.com\/wspolpraca\"><span class=\"fusion-button-text awb-button__text awb-button__text--default\">WSP\u00d3\u0141PRACA<\/span><span lang=\"pl\"><\/span><\/a><\/div><\/span><\/p>\n<\/div><\/div><\/div><\/div><\/div><div class=\"fusion-flip-box-wrapper fusion-column col-lg-3 col-md-3 col-sm-3\"><div class=\"fusion-flip-box flip-right\" tabindex=\"0\"><div class=\"flip-box-inner-wrapper\"><div class=\"flip-box-front\" style=\"--awb-border-size:1px;--awb-border-radius:4px;\"><div class=\"flip-box-front-inner\"><div class=\"flip-box-grafix flip-box-image\"><img decoding=\"async\" src=\"http:\/\/sti-gas.com\/wp-content\/uploads\/2015\/07\/servicios-tecnicos-e-importaciones.png\" width=\"100\" height=\"100\" alt=\"\" \/><\/div><h2 class=\"flip-box-heading\">us\u0142ugi<\/h2>STI Ltda oferuje r\u00f3\u017cnego rodzaju us\u0142ug dla mieszka\u0144 i przemys\u0142u. Wykonujemy automatizacj\u0119 system\u00f3w gazowych i proces\u00f3w spalania oraz instalujemy ogrzewanie domowe. Oferujemy r\u00f3wnie\u017c przegl\u0105d\u00f3w a tak\u017ce konserwacji kot\u0142\u00f3w, palnik\u00f3w przemys\u0142owych oraz innych urz\u0105dze\u0144 technicznych do gazu ziemnego i LPG, wykrywamy nieszczelno\u015bci gazu, itp.<\/div><\/div><div class=\"flip-box-back\" style=\"--awb-border-size:1px;--awb-border-radius:4px;\"><div class=\"flip-box-back-inner\">\n<p style=\"margin: 0in; font-family: Calibri; font-size: 11.0pt;\"><div class=\"fusion-button-wrapper fusion-aligncenter\"><a class=\"fusion-button button-flat button-xlarge button-custom fusion-button-default button-3 fusion-button-default-span \" style=\"--button_accent_color:#ffffff;--button_accent_hover_color:#000000;--button_border_hover_color:#000000;--button_border_width-top:1px;--button_border_width-right:1px;--button_border_width-bottom:1px;--button_border_width-left:1px;--button_gradient_top_color:#ff8330;--button_gradient_bottom_color:#ff8330;--button_gradient_top_color_hover:rgba(255,255,255,0);--button_gradient_bottom_color_hover:rgba(255,255,255,0);\" target=\"_self\" href=\"www.sti-gas.com\/uslugi\"><span class=\"fusion-button-text awb-button__text awb-button__text--default\">NASZE US\u0141UGI<\/span><\/a><\/div>\n<\/div><\/div><\/div><\/div><\/div><div class=\"fusion-flip-box-wrapper fusion-column col-lg-3 col-md-3 col-sm-3\"><div class=\"fusion-flip-box flip-right\" tabindex=\"0\"><div class=\"flip-box-inner-wrapper\"><div class=\"flip-box-front\" style=\"--awb-border-size:1px;--awb-border-radius:4px;\"><div class=\"flip-box-front-inner\"><div class=\"flip-box-grafix flip-box-image\"><img decoding=\"async\" src=\"http:\/\/sti-gas.com\/wp-content\/uploads\/2015\/07\/contacto-la-paz-cochabamba-bolivia.png\" width=\"100\" height=\"100\" alt=\"\" \/><\/div><h2 class=\"flip-box-heading\">kontakt<\/h2>Nasza firma posiada dwa oddzia\u0142y w Boliwii (w La Paz i Cochabamba), g\u0142\u00f3wny oddzia\u0142 Servicios T\u00e9cnicos e Importaciones, STI Ltda znajduje si\u0119 w La Paz . Je\u017celi chcieliby\u015bcie Pa\u0144stwo wsp\u00f3\u0142pracowa\u0107 z nasz\u0105 firm\u0105, prosimy o kontakt telefoniczny, przez E-mail lub wype\u0142niaj\u0105c formularz kontaktowy. Jeste\u015bmy zawsze do waszej dyspozycji.<\/div><\/div><div class=\"flip-box-back\" style=\"--awb-border-size:1px;--awb-border-radius:4px;\"><div class=\"flip-box-back-inner\">\n<p style=\"margin: 0in; font-family: Calibri; font-size: 11.0pt;\"><div class=\"fusion-button-wrapper fusion-aligncenter\"><a class=\"fusion-button button-flat button-xlarge button-custom fusion-button-default button-4 fusion-button-default-span \" style=\"--button_accent_color:#ffffff;--button_accent_hover_color:#000000;--button_border_hover_color:#000000;--button_border_width-top:1px;--button_border_width-right:1px;--button_border_width-bottom:1px;--button_border_width-left:1px;--button_gradient_top_color:#ff8330;--button_gradient_bottom_color:#ff8330;--button_gradient_top_color_hover:rgba(255,255,255,0);--button_gradient_bottom_color_hover:rgba(255,255,255,0);\" target=\"_self\" href=\"\/kontakt\"><span class=\"fusion-button-text awb-button__text awb-button__text--default\">KONTAKT<\/span><\/a><\/div>\n<\/div><\/div><\/div><\/div><\/div><\/div><div class=\"clearfix\"><\/div><div class=\"fusion-clearfix\"><\/div><\/div><\/div><\/div><\/div><div class=\"fusion-fullwidth fullwidth-box fusion-builder-row-2 nonhundred-percent-fullwidth non-hundred-percent-height-scrolling\" style=\"--awb-background-position:left top;--awb-border-radius-top-left:0px;--awb-border-radius-top-right:0px;--awb-border-radius-bottom-right:0px;--awb-border-radius-bottom-left:0px;--awb-padding-top:20px;--awb-padding-right:0px;--awb-padding-bottom:20px;--awb-padding-left:0px;--awb-border-sizes-top:0px;--awb-border-sizes-bottom:0px;--awb-flex-wrap:wrap;\" ><div class=\"fusion-builder-row fusion-row\"><div class=\"fusion-layout-column fusion_builder_column fusion-builder-column-1 fusion_builder_column_1_1 1_1 fusion-one-full fusion-column-first fusion-column-last fusion-column-no-min-height\" style=\"--awb-bg-size:cover;--awb-margin-bottom:0px;\"><div class=\"fusion-column-wrapper fusion-flex-column-wrapper-legacy\"><div class=\"fusion-image-carousel fusion-image-carousel-auto fusion-image-carousel-1\"><div class=\"awb-carousel awb-swiper awb-swiper-carousel awb-carousel--carousel awb-swiper-dots-position-bottom\" data-layout=\"carousel\" data-autoplay=\"yes\" data-autoplayspeed=\"2500\" data-autoplaypause=\"no\" data-loop=\"yes\" data-columns=\"4\" data-columnsmedium=\"1\" data-columnssmall=\"1\" data-itemmargin=\"20\" data-itemwidth=\"180\" data-touchscroll=\"no\" data-freemode=\"no\" data-imagesize=\"auto\" data-scrollitems=\"0\" data-centeredslides=\"no\" data-rotationangle=\"50\" data-depth=\"100\" data-speed=\"500\" data-shadow=\"no\" data-pagination=\"bullets\" style=\"--awb-columns:4;--awb-column-spacing:20px;\"><div class=\"swiper-wrapper awb-image-carousel-wrapper fusion-flex-align-items-center\"><div class=\"swiper-slide\"><div class=\"fusion-carousel-item-wrapper\"><div class=\"fusion-image-wrapper hover-type-none\"><img decoding=\"async\" width=\"176\" height=\"80\" src=\"https:\/\/sti-gas.com\/wp-content\/uploads\/2018\/07\/Apator-metrix-logo.jpg\" class=\"attachment-full size-full\" alt=\"\" \/><\/div><\/div><\/div><div class=\"swiper-slide\"><div class=\"fusion-carousel-item-wrapper\"><div class=\"fusion-image-wrapper hover-type-none\"><\/div><\/div><\/div><div class=\"swiper-slide\"><div class=\"fusion-carousel-item-wrapper\"><div class=\"fusion-image-wrapper hover-type-none\"><\/div><\/div><\/div><div class=\"swiper-slide\"><div class=\"fusion-carousel-item-wrapper\"><div class=\"fusion-image-wrapper hover-type-none\"><\/div><\/div><\/div><div class=\"swiper-slide\"><div class=\"fusion-carousel-item-wrapper\"><div class=\"fusion-image-wrapper hover-type-none\"><\/div><\/div><\/div><div class=\"swiper-slide\"><div class=\"fusion-carousel-item-wrapper\"><div class=\"fusion-image-wrapper hover-type-none\"><\/div><\/div><\/div><div class=\"swiper-slide\"><div class=\"fusion-carousel-item-wrapper\"><div class=\"fusion-image-wrapper hover-type-none\"><img decoding=\"async\" width=\"84\" height=\"80\" src=\"https:\/\/sti-gas.com\/wp-content\/uploads\/2018\/07\/EE-logo.jpg\" class=\"attachment-full size-full\" alt=\"\" \/><\/div><\/div><\/div><div class=\"swiper-slide\"><div class=\"fusion-carousel-item-wrapper\"><div class=\"fusion-image-wrapper hover-type-none\"><\/div><\/div><\/div><div class=\"swiper-slide\"><div class=\"fusion-carousel-item-wrapper\"><div class=\"fusion-image-wrapper hover-type-none\"><\/div><\/div><\/div><div class=\"swiper-slide\"><div class=\"fusion-carousel-item-wrapper\"><div class=\"fusion-image-wrapper hover-type-none\"><\/div><\/div><\/div><div class=\"swiper-slide\"><div class=\"fusion-carousel-item-wrapper\"><div class=\"fusion-image-wrapper hover-type-none\"><\/div><\/div><\/div><div class=\"swiper-slide\"><div class=\"fusion-carousel-item-wrapper\"><div class=\"fusion-image-wrapper hover-type-none\"><\/div><\/div><\/div><div class=\"swiper-slide\"><div class=\"fusion-carousel-item-wrapper\"><div class=\"fusion-image-wrapper hover-type-none\"><\/div><\/div><\/div><div class=\"swiper-slide\"><div class=\"fusion-carousel-item-wrapper\"><div class=\"fusion-image-wrapper hover-type-none\"><\/div><\/div><\/div><div class=\"swiper-slide\"><div class=\"fusion-carousel-item-wrapper\"><div class=\"fusion-image-wrapper hover-type-none\"><\/div><\/div><\/div><div class=\"swiper-slide\"><div class=\"fusion-carousel-item-wrapper\"><div class=\"fusion-image-wrapper hover-type-none\"><img decoding=\"async\" width=\"124\" height=\"80\" src=\"https:\/\/sti-gas.com\/wp-content\/uploads\/2018\/07\/Instal-projekt-logo.jpg\" class=\"attachment-full size-full\" alt=\"\" \/><\/div><\/div><\/div><div class=\"swiper-slide\"><div class=\"fusion-carousel-item-wrapper\"><div class=\"fusion-image-wrapper hover-type-none\"><\/div><\/div><\/div><div class=\"swiper-slide\"><div class=\"fusion-carousel-item-wrapper\"><div class=\"fusion-image-wrapper hover-type-none\"><\/div><\/div><\/div><div class=\"swiper-slide\"><div class=\"fusion-carousel-item-wrapper\"><div class=\"fusion-image-wrapper hover-type-none\"><\/div><\/div><\/div><div class=\"swiper-slide\"><div class=\"fusion-carousel-item-wrapper\"><div class=\"fusion-image-wrapper hover-type-none\"><img decoding=\"async\" width=\"382\" height=\"80\" src=\"https:\/\/sti-gas.com\/wp-content\/uploads\/2018\/07\/Maxthermo-logo.jpg\" class=\"attachment-full size-full\" alt=\"\" srcset=\"https:\/\/sti-gas.com\/wp-content\/uploads\/2018\/07\/Maxthermo-logo-200x42.jpg 200w, https:\/\/sti-gas.com\/wp-content\/uploads\/2018\/07\/Maxthermo-logo.jpg 382w\" sizes=\"(min-width: 2200px) 100vw, (min-width: 915px) 360px, (min-width: 824px) 480px, (min-width: 732px) 720px, (min-width: 640px) 732px, \" \/><\/div><\/div><\/div><div class=\"swiper-slide\"><div class=\"fusion-carousel-item-wrapper\"><div class=\"fusion-image-wrapper hover-type-none\"><img decoding=\"async\" width=\"252\" height=\"80\" src=\"https:\/\/sti-gas.com\/wp-content\/uploads\/2018\/07\/Mora-logo.jpg\" class=\"attachment-full size-full\" alt=\"\" srcset=\"https:\/\/sti-gas.com\/wp-content\/uploads\/2018\/07\/Mora-logo-200x63.jpg 200w, https:\/\/sti-gas.com\/wp-content\/uploads\/2018\/07\/Mora-logo.jpg 252w\" sizes=\"(min-width: 2200px) 100vw, (min-width: 915px) 360px, (min-width: 824px) 480px, (min-width: 732px) 720px, (min-width: 640px) 732px, \" \/><\/div><\/div><\/div><div class=\"swiper-slide\"><div class=\"fusion-carousel-item-wrapper\"><div class=\"fusion-image-wrapper hover-type-none\"><\/div><\/div><\/div><div class=\"swiper-slide\"><div class=\"fusion-carousel-item-wrapper\"><div class=\"fusion-image-wrapper hover-type-none\"><\/div><\/div><\/div><div class=\"swiper-slide\"><div class=\"fusion-carousel-item-wrapper\"><div class=\"fusion-image-wrapper hover-type-none\"><\/div><\/div><\/div><div class=\"swiper-slide\"><div class=\"fusion-carousel-item-wrapper\"><div class=\"fusion-image-wrapper hover-type-none\"><img decoding=\"async\" width=\"354\" height=\"80\" src=\"https:\/\/sti-gas.com\/wp-content\/uploads\/2018\/07\/Robello-logo.jpg\" class=\"attachment-full size-full\" alt=\"\" srcset=\"https:\/\/sti-gas.com\/wp-content\/uploads\/2018\/07\/Robello-logo-200x45.jpg 200w, https:\/\/sti-gas.com\/wp-content\/uploads\/2018\/07\/Robello-logo.jpg 354w\" sizes=\"(min-width: 2200px) 100vw, (min-width: 915px) 360px, (min-width: 824px) 480px, (min-width: 732px) 720px, (min-width: 640px) 732px, \" \/><\/div><\/div><\/div><div class=\"swiper-slide\"><div class=\"fusion-carousel-item-wrapper\"><div class=\"fusion-image-wrapper hover-type-none\"><\/div><\/div><\/div><div class=\"swiper-slide\"><div class=\"fusion-carousel-item-wrapper\"><div class=\"fusion-image-wrapper hover-type-none\"><\/div><\/div><\/div><div class=\"swiper-slide\"><div class=\"fusion-carousel-item-wrapper\"><div class=\"fusion-image-wrapper hover-type-none\"><\/div><\/div><\/div><\/div><\/div><\/div><div class=\"fusion-clearfix\"><\/div><\/div><\/div><\/div><\/div><\/p>\n","protected":false},"excerpt":{"rendered":"","protected":false},"author":1,"featured_media":0,"parent":0,"menu_order":1,"comment_status":"closed","ping_status":"closed","template":"100-width.php","meta":{"om_disable_all_campaigns":false,"_exactmetrics_skip_tracking":false,"_exactmetrics_sitenote_active":false,"_exactmetrics_sitenote_note":"","_exactmetrics_sitenote_category":0,"_monsterinsights_skip_tracking":false,"_monsterinsights_sitenote_active":false,"_monsterinsights_sitenote_note":"","_monsterinsights_sitenote_category":0,"_uf_show_specific_survey":0,"_uf_disable_surveys":false,"footnotes":""},"class_list":["post-12901","page","type-page","status-publish","hentry"],"aioseo_notices":[],"_fusion":{"blog_width_100":"no","portfolio_filters":"yes","slider_type":"layer","slider":"11","revslider":"0","elasticslider":"0","show_first_featured_image":"yes","display_header":"yes","header_bg_full":"no","header_bg_repeat":"repeat","displayed_menu":"2","bg_full":"no","bg_repeat":"repeat","content_bg_full":"no","content_bg_repeat":"repeat","sbg_selected_sidebar":["0"],"pages_sidebar":"","sbg_selected_sidebar_2":["0"],"pages_sidebar_2":""},"_aioseo_title":"","_aioseo_description":"","_wp_attachment_metadata":"","_product_image_gallery":"","_links":{"self":[{"href":"https:\/\/sti-gas.com\/pl\/wp-json\/wp\/v2\/pages\/12901","targetHints":{"allow":["GET"]}}],"collection":[{"href":"https:\/\/sti-gas.com\/pl\/wp-json\/wp\/v2\/pages"}],"about":[{"href":"https:\/\/sti-gas.com\/pl\/wp-json\/wp\/v2\/types\/page"}],"author":[{"embeddable":true,"href":"https:\/\/sti-gas.com\/pl\/wp-json\/wp\/v2\/users\/1"}],"replies":[{"embeddable":true,"href":"https:\/\/sti-gas.com\/pl\/wp-json\/wp\/v2\/comments?post=12901"}],"version-history":[{"count":0,"href":"https:\/\/sti-gas.com\/pl\/wp-json\/wp\/v2\/pages\/12901\/revisions"}],"wp:attachment":[{"href":"https:\/\/sti-gas.com\/pl\/wp-json\/wp\/v2\/media?parent=12901"}],"curies":[{"name":"wp","href":"https:\/\/api.w.org\/{rel}","templated":true}]}}